{"id":137,"date":"2014-02-23T22:01:12","date_gmt":"2014-02-23T20:01:12","guid":{"rendered":"http:\/\/ferienwohnung-hof-hillmer.de\/?page_id=137"},"modified":"2021-05-08T20:49:15","modified_gmt":"2021-05-08T18:49:15","slug":"impressum","status":"publish","type":"page","link":"https:\/\/ferienwohnung-hof-hillmer.de\/?page_id=137","title":{"rendered":"Impressum"},"content":{"rendered":"<div>\n<div>\n<h3>Allgemeine Informationen<\/h3>\n<div>\n<p>Name und Anschrift<br \/>\nStephan Hillmer<br \/>\nL\u00fcneburger Str. 22<br \/>\n21335 L\u00fcneburg<\/p>\n<\/div>\n<div>\n<p>E-Mail-Adresse<br \/>\n<a href=\"mailto:info@hof-hillmer.de\">info@hof-hillmer.de<\/a><\/p>\n<\/div>\n<div>\n<p>Telefon<br \/>\n04131 \/ 22 44 66 9<\/p>\n<\/div>\n<h4>Weitere Informationen<\/h4>\n<p><strong>Haftung f\u00fcr Inhalte<\/strong><\/p>\n<p>Die Inhalte unserer Seiten wurden mit gr\u00f6\u00dfter Sorgfalt erstellt. F\u00fcr die Richtigkeit, Vollst\u00e4ndigkeit und Aktualit\u00e4t der Inhalte k\u00f6nnen wir jedoch keine Gew\u00e4hr \u00fcbernehmen.<\/p>\n<p>Urheberrecht<br \/>\nDie Betreiber der Seiten sind bem\u00fcht, stets die Urheberrechte anderer zu beachten bzw. auf selbst erstellte sowie lizenzfreie Werke zur\u00fcckzugreifen.<\/p>\n<p>Die durch die Seitenbetreiber erstellten Inhalte und Werke auf diesen Seiten unterliegen dem deutschen Urheberrecht. Beitr\u00e4ge Dritter sind als solche gekennzeichnet. Die Vervielf\u00e4ltigung, Bearbeitung, Verbreitung und jede Art der Verwertung au\u00dferhalb der Grenzen des Urheberrechtes bed\u00fcrfen der schriftlichen Zustimmung des jeweiligen Autors bzw. Erstellers. Downloads und Kopien dieser Seite sind nur f\u00fcr den privaten, nicht kommerziellen Gebrauch gestattet.<\/p>\n<p><strong>Datenschutz<\/strong><\/p>\n<p>Der Schutz Ihrer personenbezogenen Daten bei der Erhebung, Verarbeitung und Nutzung anl\u00e4sslich Ihres Besuchs auf unserer Webseite<\/p>\n<blockquote class=\"wp-embedded-content\" data-secret=\"G627Njs7mx\"><p><a href=\"https:\/\/ferienwohnung-hof-hillmer.de\/\">Home<\/a><\/p><\/blockquote>\n<p><iframe loading=\"lazy\" class=\"wp-embedded-content\" sandbox=\"allow-scripts\" security=\"restricted\" style=\"position: absolute; clip: rect(1px, 1px, 1px, 1px);\" title=\"&#8222;Home&#8220; &#8212; Ferienwohnung Hof-Hillmer\" src=\"https:\/\/ferienwohnung-hof-hillmer.de\/?embed=true#?secret=G627Njs7mx\" data-secret=\"G627Njs7mx\" width=\"600\" height=\"338\" frameborder=\"0\" marginwidth=\"0\" marginheight=\"0\" scrolling=\"no\"><\/iframe><br \/>\nist uns ein wichtiges Anliegen. Ihre Daten werden im Rahmen der gesetzlichen Vorschriften gesch\u00fctzt.<\/p>\n<\/div>\n<\/div>\n","protected":false},"excerpt":{"rendered":"<p>Allgemeine Informationen Name und Anschrift Stephan Hillmer L\u00fcneburger Str. 22 21335 L\u00fcneburg E-Mail-Adresse info@hof-hillmer.de Telefon 04131 \/ 22 44 66 9 Weitere Informationen Haftung f\u00fcr Inhalte Die Inhalte unserer Seiten wurden mit gr\u00f6\u00dfter Sorgfalt erstellt. F\u00fcr die Richtigkeit, Vollst\u00e4ndigkeit und Aktualit\u00e4t der Inhalte k\u00f6nnen wir jedoch keine Gew\u00e4hr \u00fcbernehmen. Urheberrecht Die Betreiber der Seiten sind bem\u00fcht, stets die Urheberrechte anderer &hellip; <\/p>\n","protected":false},"author":1,"featured_media":0,"parent":0,"menu_order":0,"comment_status":"closed","ping_status":"closed","template":"","meta":{"footnotes":""},"class_list":["post-137","page","type-page","status-publish","hentry"],"_links":{"self":[{"href":"https:\/\/ferienwohnung-hof-hillmer.de\/index.php?rest_route=\/wp\/v2\/pages\/137","targetHints":{"allow":["GET"]}}],"collection":[{"href":"https:\/\/ferienwohnung-hof-hillmer.de\/index.php?rest_route=\/wp\/v2\/pages"}],"about":[{"href":"https:\/\/ferienwohnung-hof-hillmer.de\/index.php?rest_route=\/wp\/v2\/types\/page"}],"author":[{"embeddable":true,"href":"https:\/\/ferienwohnung-hof-hillmer.de\/index.php?rest_route=\/wp\/v2\/users\/1"}],"replies":[{"embeddable":true,"href":"https:\/\/ferienwohnung-hof-hillmer.de\/index.php?rest_route=%2Fwp%2Fv2%2Fcomments&post=137"}],"version-history":[{"count":4,"href":"https:\/\/ferienwohnung-hof-hillmer.de\/index.php?rest_route=\/wp\/v2\/pages\/137\/revisions"}],"predecessor-version":[{"id":243,"href":"https:\/\/ferienwohnung-hof-hillmer.de\/index.php?rest_route=\/wp\/v2\/pages\/137\/revisions\/243"}],"wp:attachment":[{"href":"https:\/\/ferienwohnung-hof-hillmer.de\/index.php?rest_route=%2Fwp%2Fv2%2Fmedia&parent=137"}],"curies":[{"name":"wp","href":"https:\/\/api.w.org\/{rel}","templated":true}]}}