{"id":22,"date":"2013-05-27T19:42:12","date_gmt":"2013-05-27T17:42:12","guid":{"rendered":"http:\/\/ferienwohnung-hof-hillmer.de\/?page_id=22"},"modified":"2026-03-18T16:36:40","modified_gmt":"2026-03-18T14:36:40","slug":"home","status":"publish","type":"page","link":"https:\/\/ferienwohnung-hof-hillmer.de\/","title":{"rendered":"Home"},"content":{"rendered":"<div class=\"wp-block-image is-style-rounded\">\n<figure class=\"aligncenter\"><img loading=\"lazy\" decoding=\"async\" width=\"1024\" height=\"576\" src=\"https:\/\/ferienwohnung-hof-hillmer.de\/wp-content\/uploads\/2021\/05\/Titelbild_Gross_3.1.1-1024x576.jpg\" alt=\"\" class=\"wp-image-234\" srcset=\"https:\/\/ferienwohnung-hof-hillmer.de\/wp-content\/uploads\/2021\/05\/Titelbild_Gross_3.1.1-1024x576.jpg 1024w, https:\/\/ferienwohnung-hof-hillmer.de\/wp-content\/uploads\/2021\/05\/Titelbild_Gross_3.1.1-300x169.jpg 300w, https:\/\/ferienwohnung-hof-hillmer.de\/wp-content\/uploads\/2021\/05\/Titelbild_Gross_3.1.1-768x432.jpg 768w, https:\/\/ferienwohnung-hof-hillmer.de\/wp-content\/uploads\/2021\/05\/Titelbild_Gross_3.1.1-1536x864.jpg 1536w, https:\/\/ferienwohnung-hof-hillmer.de\/wp-content\/uploads\/2021\/05\/Titelbild_Gross_3.1.1-2048x1152.jpg 2048w, https:\/\/ferienwohnung-hof-hillmer.de\/wp-content\/uploads\/2021\/05\/Titelbild_Gross_3.1.1-350x196.jpg 350w\" sizes=\"auto, (max-width: 1024px) 100vw, 1024px\" \/><\/figure>\n<\/div>\n\n<p class=\"p1\" style=\"text-align: center;\"><b>Willkommen auf unserem Hof<\/b><b><\/b><\/p>\n<p class=\"p3\" style=\"text-align: center;\">Genie\u00dfen Sie eine entspannte Auszeit in ruhiger, l\u00e4ndlicher Umgebung mit viel Platz und Weitblick.<\/p>\n<p class=\"p3\" style=\"text-align: center;\">Unsere gro\u00dfz\u00fcgige Ferienwohnung bietet Ihnen auf 130 m\u00b2 vier Zimmer, einen gro\u00dfen Eingangsbereich, eine ger\u00e4umige Wohnk\u00fcche sowie ein modernes Vollbad. Die Wohnung wurde 2006 erbaut und befindet sich in einem sehr gepflegten Zustand.<\/p>\n<p class=\"p3\" style=\"text-align: center;\">Vom Schlaf- und Wohnzimmer aus haben Sie einen sch\u00f6nen Blick \u00fcber Felder und Wald. Eine Terrasse l\u00e4dt zus\u00e4tzlich dazu ein, die Ruhe und Natur direkt vor der T\u00fcr zu genie\u00dfen.<\/p>\n<p class=\"p3\" style=\"text-align: center;\">Die Wohnung ist komfortabel eingerichtet und mit moderner Technik ausgestattet \u2013 ideal f\u00fcr einen erholsamen Aufenthalt.<\/p>\n<p class=\"p3\" style=\"text-align: center;\">Wir freuen uns, Sie bei uns begr\u00fc\u00dfen zu d\u00fcrfen.<\/p>\n<hr \/>\n<p class=\"p1\" style=\"text-align: center;\"><b>Wichtige Hinweise f\u00fcr Ihren Aufenthalt<\/b><b><\/b><\/p>\n<p class=\"p3\" style=\"text-align: center;\">Unsere Ferienwohnung richtet sich bewusst an Erwachsene und Ruhesuchende. Wenn Sie eine entspannte Auszeit fernab vom Alltag suchen, sind Sie bei uns genau richtig.<\/p>\n<p class=\"p3\" style=\"text-align: center;\">Ruhe und Erholung stehen bei uns im Mittelpunkt. Daher haben wir unser Angebot speziell auf die Bed\u00fcrfnisse erwachsener G\u00e4ste ausgerichtet. Buchungen mit Jugendlichen ab 15 Jahren sind nach vorheriger Absprache gerne m\u00f6glich.<\/p>\n<p class=\"p3\" style=\"text-align: center;\">Bitte beachten Sie au\u00dferdem, dass Haustiere in der Wohnung nicht gestattet sind.<\/p>","protected":false},"excerpt":{"rendered":"<p>Willkommen auf unserem Hof Genie\u00dfen Sie eine entspannte Auszeit in ruhiger, l\u00e4ndlicher Umgebung mit viel Platz und Weitblick. Unsere gro\u00dfz\u00fcgige Ferienwohnung bietet Ihnen auf 130 m\u00b2 vier Zimmer, einen gro\u00dfen Eingangsbereich, eine ger\u00e4umige Wohnk\u00fcche sowie ein modernes Vollbad. Die Wohnung wurde 2006 erbaut und befindet sich in einem sehr gepflegten Zustand. Vom Schlaf- und Wohnzimmer aus haben Sie einen sch\u00f6nen &hellip; <\/p>\n","protected":false},"author":1,"featured_media":0,"parent":0,"menu_order":0,"comment_status":"closed","ping_status":"closed","template":"","meta":{"footnotes":""},"class_list":["post-22","page","type-page","status-publish","hentry"],"_links":{"self":[{"href":"https:\/\/ferienwohnung-hof-hillmer.de\/index.php?rest_route=\/wp\/v2\/pages\/22","targetHints":{"allow":["GET"]}}],"collection":[{"href":"https:\/\/ferienwohnung-hof-hillmer.de\/index.php?rest_route=\/wp\/v2\/pages"}],"about":[{"href":"https:\/\/ferienwohnung-hof-hillmer.de\/index.php?rest_route=\/wp\/v2\/types\/page"}],"author":[{"embeddable":true,"href":"https:\/\/ferienwohnung-hof-hillmer.de\/index.php?rest_route=\/wp\/v2\/users\/1"}],"replies":[{"embeddable":true,"href":"https:\/\/ferienwohnung-hof-hillmer.de\/index.php?rest_route=%2Fwp%2Fv2%2Fcomments&post=22"}],"version-history":[{"count":34,"href":"https:\/\/ferienwohnung-hof-hillmer.de\/index.php?rest_route=\/wp\/v2\/pages\/22\/revisions"}],"predecessor-version":[{"id":339,"href":"https:\/\/ferienwohnung-hof-hillmer.de\/index.php?rest_route=\/wp\/v2\/pages\/22\/revisions\/339"}],"wp:attachment":[{"href":"https:\/\/ferienwohnung-hof-hillmer.de\/index.php?rest_route=%2Fwp%2Fv2%2Fmedia&parent=22"}],"curies":[{"name":"wp","href":"https:\/\/api.w.org\/{rel}","templated":true}]}}